{"id":57,"date":"2017-09-25T09:41:13","date_gmt":"2017-09-25T07:41:13","guid":{"rendered":"http:\/\/pksjeu.opatovska.sk\/?page_id=57"},"modified":"2025-10-29T12:36:52","modified_gmt":"2025-10-29T10:36:52","slug":"akcie-exkurzie","status":"publish","type":"page","link":"https:\/\/pksj.opatovska.sk\/?page_id=57","title":{"rendered":"Akcie, Exkurzie"},"content":{"rendered":"<p style=\"text-align: center;\"><strong>Exkurzia KE\u017dMAROK<\/strong><\/p>\n<p>Liter\u00e1rnu exkurziu do Ke\u017emarku organizujeme \u00a0ka\u017edoro\u010dne <strong>v<\/strong>\u00a0<strong>septembri<\/strong>. Je ur\u010den\u00e1 pre \u017eiakov 3<strong>. ro\u010dn\u00edka.<\/strong><\/p>\n<p>Nav\u0161tevujeme tu:<\/p>\n<ul>\n<li><strong>evanjelick\u00e9<\/strong> <strong>l\u00fdceum<\/strong>, kde je umiestnen\u00e1 najv\u00e4\u010d\u0161ia \u0161kolsk\u00e1 historick\u00e1 kni\u017enica v\u00a0strednej Eur\u00f3pe,<\/li>\n<li><strong>dva<\/strong> <strong>evanjelick\u00e9<\/strong> <strong>kostoly<\/strong>, pri\u010dom ten dreven\u00fd je zap\u00edsan\u00fd do zoznamu svetov\u00e9ho kult\u00farneho dedi\u010dstva\u00a0UNESCO<strong>, <\/strong><\/li>\n<li><strong> hrad<\/strong><strong>, <\/strong>ktor\u00fd je jedin\u00fdm \u00faplne zachovan\u00fdm hradom na Spi\u0161i.<\/li>\n<\/ul>\n<p><a href=\"http:\/\/pksj.opatovska.sk\/wp-content\/uploads\/2025\/10\/lyceum.jpg\">\u00a0 \u00a0 \u00a0 \u00a0 \u00a0 \u00a0 \u00a0 \u00a0 \u00a0 \u00a0 \u00a0 \u00a0 \u00a0 \u00a0 \u00a0 \u00a0 \u00a0 \u00a0 \u00a0 \u00a0 \u00a0 \u00a0 \u00a0 \u00a0 <img loading=\"lazy\" decoding=\"async\" class=\"alignnone size-medium wp-image-19434\" src=\"http:\/\/pksj.opatovska.sk\/wp-content\/uploads\/2025\/10\/lyceum-300x200.jpg\" alt=\"\" width=\"300\" height=\"200\" srcset=\"https:\/\/pksj.opatovska.sk\/wp-content\/uploads\/2025\/10\/lyceum-300x200.jpg 300w, https:\/\/pksj.opatovska.sk\/wp-content\/uploads\/2025\/10\/lyceum-1024x683.jpg 1024w, https:\/\/pksj.opatovska.sk\/wp-content\/uploads\/2025\/10\/lyceum-768x512.jpg 768w, https:\/\/pksj.opatovska.sk\/wp-content\/uploads\/2025\/10\/lyceum-618x412.jpg 618w, https:\/\/pksj.opatovska.sk\/wp-content\/uploads\/2025\/10\/lyceum-444x296.jpg 444w, https:\/\/pksj.opatovska.sk\/wp-content\/uploads\/2025\/10\/lyceum.jpg 1224w\" sizes=\"auto, (max-width: 300px) 100vw, 300px\" \/><\/a>\u00a0 \u00a0 \u00a0 \u00a0 \u00a0 \u00a0 \u00a0 \u00a0 \u00a0 \u00a0<a href=\"http:\/\/pksj.opatovska.sk\/wp-content\/uploads\/2025\/10\/lyceum-2.jpg\"><img loading=\"lazy\" decoding=\"async\" class=\"alignnone size-medium wp-image-19433\" src=\"http:\/\/pksj.opatovska.sk\/wp-content\/uploads\/2025\/10\/lyceum-2-300x200.jpg\" alt=\"\" width=\"300\" height=\"200\" srcset=\"https:\/\/pksj.opatovska.sk\/wp-content\/uploads\/2025\/10\/lyceum-2-300x200.jpg 300w, https:\/\/pksj.opatovska.sk\/wp-content\/uploads\/2025\/10\/lyceum-2-1024x683.jpg 1024w, https:\/\/pksj.opatovska.sk\/wp-content\/uploads\/2025\/10\/lyceum-2-768x512.jpg 768w, https:\/\/pksj.opatovska.sk\/wp-content\/uploads\/2025\/10\/lyceum-2-1536x1024.jpg 1536w, https:\/\/pksj.opatovska.sk\/wp-content\/uploads\/2025\/10\/lyceum-2-2048x1366.jpg 2048w, https:\/\/pksj.opatovska.sk\/wp-content\/uploads\/2025\/10\/lyceum-2-618x412.jpg 618w, https:\/\/pksj.opatovska.sk\/wp-content\/uploads\/2025\/10\/lyceum-2-444x296.jpg 444w\" sizes=\"auto, (max-width: 300px) 100vw, 300px\" \/><\/a>\u00a0<\/p>\n<p>\u00a0 \u00a0\u00a0 \u00a0\u00a0 \u00a0\u00a0 \u00a0\u00a0 \u00a0\u00a0 \u00a0\u00a0 \u00a0\u00a0 \u00a0\u00a0 \u00a0\u00a0 \u00a0\u00a0 \u00a0\u00a0 \u00a0\u00a0 \u00a0\u00a0 \u00a0\u00a0 \u00a0\u00a0<a href=\"http:\/\/pksj.opatovska.sk\/wp-content\/uploads\/2025\/10\/artikularny-kostol-kk-4.jpg\"><img loading=\"lazy\" decoding=\"async\" class=\"alignnone size-medium wp-image-19431\" src=\"http:\/\/pksj.opatovska.sk\/wp-content\/uploads\/2025\/10\/artikularny-kostol-kk-4-300x195.jpg\" alt=\"\" width=\"300\" height=\"195\" srcset=\"https:\/\/pksj.opatovska.sk\/wp-content\/uploads\/2025\/10\/artikularny-kostol-kk-4-300x195.jpg 300w, https:\/\/pksj.opatovska.sk\/wp-content\/uploads\/2025\/10\/artikularny-kostol-kk-4-768x499.jpg 768w, https:\/\/pksj.opatovska.sk\/wp-content\/uploads\/2025\/10\/artikularny-kostol-kk-4-618x402.jpg 618w, https:\/\/pksj.opatovska.sk\/wp-content\/uploads\/2025\/10\/artikularny-kostol-kk-4-444x289.jpg 444w, https:\/\/pksj.opatovska.sk\/wp-content\/uploads\/2025\/10\/artikularny-kostol-kk-4.jpg 1000w\" sizes=\"auto, (max-width: 300px) 100vw, 300px\" \/><\/a>\u00a0 \u00a0 \u00a0 \u00a0 \u00a0 \u00a0 \u00a0 \u00a0 \u00a0 \u00a0 \u00a0 <a href=\"http:\/\/pksj.opatovska.sk\/wp-content\/uploads\/2025\/10\/hrad.jpg\"><img loading=\"lazy\" decoding=\"async\" class=\"alignnone size-medium wp-image-19432\" src=\"http:\/\/pksj.opatovska.sk\/wp-content\/uploads\/2025\/10\/hrad-300x200.jpg\" alt=\"\" width=\"300\" height=\"200\" srcset=\"https:\/\/pksj.opatovska.sk\/wp-content\/uploads\/2025\/10\/hrad-300x200.jpg 300w, https:\/\/pksj.opatovska.sk\/wp-content\/uploads\/2025\/10\/hrad-768x513.jpg 768w, https:\/\/pksj.opatovska.sk\/wp-content\/uploads\/2025\/10\/hrad-618x413.jpg 618w, https:\/\/pksj.opatovska.sk\/wp-content\/uploads\/2025\/10\/hrad-444x296.jpg 444w, https:\/\/pksj.opatovska.sk\/wp-content\/uploads\/2025\/10\/hrad.jpg 800w\" sizes=\"auto, (max-width: 300px) 100vw, 300px\" \/><\/a><\/p>\n<p>&nbsp;<\/p>\n<p>&nbsp;<\/p>\n<p style=\"text-align: center;\"><strong>Exkurzia BRATISLAVA &#8211; VIEDE\u0147<\/strong><\/p>\n<p>&nbsp;<\/p>\n<p style=\"text-align: left;\">V \u0161kolskom roku 2025\/2026 prv\u00fdkr\u00e1t organizujeme exkurziu do Bratislavy a Viedne <strong>s n\u00e1v\u0161tevou \u010dinohern\u00e9ho predstavenia Mal\u00e9 \u017eeny v Slovenskom n\u00e1rodnom divadle.<\/strong> T\u00e1to exkurzia je ur\u010den\u00e1 pre \u017eiakov 3. OA a 5. OA.<\/p>\n<p>&nbsp;<\/p>\n<p><a href=\"http:\/\/pksj.opatovska.sk\/wp-content\/uploads\/2025\/10\/SND-historicka-budova.webp\"><img loading=\"lazy\" decoding=\"async\" class=\"alignnone size-medium wp-image-19407\" src=\"http:\/\/pksj.opatovska.sk\/wp-content\/uploads\/2025\/10\/SND-historicka-budova-300x169.webp\" alt=\"\" width=\"300\" height=\"169\" srcset=\"https:\/\/pksj.opatovska.sk\/wp-content\/uploads\/2025\/10\/SND-historicka-budova-300x169.webp 300w, https:\/\/pksj.opatovska.sk\/wp-content\/uploads\/2025\/10\/SND-historicka-budova-1024x576.webp 1024w, https:\/\/pksj.opatovska.sk\/wp-content\/uploads\/2025\/10\/SND-historicka-budova-768x432.webp 768w, https:\/\/pksj.opatovska.sk\/wp-content\/uploads\/2025\/10\/SND-historicka-budova-1536x864.webp 1536w, https:\/\/pksj.opatovska.sk\/wp-content\/uploads\/2025\/10\/SND-historicka-budova-618x348.webp 618w, https:\/\/pksj.opatovska.sk\/wp-content\/uploads\/2025\/10\/SND-historicka-budova-444x250.webp 444w, https:\/\/pksj.opatovska.sk\/wp-content\/uploads\/2025\/10\/SND-historicka-budova.webp 1680w\" sizes=\"auto, (max-width: 300px) 100vw, 300px\" \/><\/a>\u00a0 \u00a0 \u00a0 \u00a0 \u00a0 \u00a0 \u00a0 \u00a0 \u00a0<\/p>\n<p><a href=\"http:\/\/pksj.opatovska.sk\/wp-content\/uploads\/2025\/10\/SND-scaled.jpg\"><img loading=\"lazy\" decoding=\"async\" class=\"size-medium wp-image-19408\" src=\"http:\/\/pksj.opatovska.sk\/wp-content\/uploads\/2025\/10\/SND-300x166.jpg\" alt=\"\" width=\"300\" height=\"166\" srcset=\"https:\/\/pksj.opatovska.sk\/wp-content\/uploads\/2025\/10\/SND-300x166.jpg 300w, https:\/\/pksj.opatovska.sk\/wp-content\/uploads\/2025\/10\/SND-1024x568.jpg 1024w, https:\/\/pksj.opatovska.sk\/wp-content\/uploads\/2025\/10\/SND-768x426.jpg 768w, https:\/\/pksj.opatovska.sk\/wp-content\/uploads\/2025\/10\/SND-1536x852.jpg 1536w, https:\/\/pksj.opatovska.sk\/wp-content\/uploads\/2025\/10\/SND-2048x1136.jpg 2048w, https:\/\/pksj.opatovska.sk\/wp-content\/uploads\/2025\/10\/SND-1846x1024.jpg 1846w, https:\/\/pksj.opatovska.sk\/wp-content\/uploads\/2025\/10\/SND-618x343.jpg 618w, https:\/\/pksj.opatovska.sk\/wp-content\/uploads\/2025\/10\/SND-444x246.jpg 444w\" sizes=\"auto, (max-width: 300px) 100vw, 300px\" \/><\/a><\/p>\n<p>&nbsp;<\/p>\n<p>&nbsp;<\/p>\n<p>&nbsp;<\/p>\n\n\n<p><\/p>\n","protected":false},"excerpt":{"rendered":"<p>Exkurzia KE\u017dMAROK Liter\u00e1rnu exkurziu do Ke\u017emarku organizujeme \u00a0ka\u017edoro\u010dne v\u00a0septembri. Je ur\u010den\u00e1 pre \u017eiakov 3. ro\u010dn\u00edka. Nav\u0161tevujeme tu: evanjelick\u00e9 l\u00fdceum, kde je umiestnen\u00e1 najv\u00e4\u010d\u0161ia \u0161kolsk\u00e1 historick\u00e1 kni\u017enica v\u00a0strednej Eur\u00f3pe, dva evanjelick\u00e9 kostoly, pri\u010dom ten dreven\u00fd je zap\u00edsan\u00fd do zoznamu svetov\u00e9ho kult\u00farneho dedi\u010dstva\u00a0UNESCO, hrad, ktor\u00fd je jedin\u00fdm \u00faplne zachovan\u00fdm hradom na Spi\u0161i. \u00a0 \u00a0 \u00a0 \u00a0 \u00a0 [&hellip;]<\/p>\n","protected":false},"author":1,"featured_media":0,"parent":0,"menu_order":0,"comment_status":"closed","ping_status":"open","template":"","meta":{"footnotes":""},"class_list":["post-57","page","type-page","status-publish","hentry"],"_links":{"self":[{"href":"https:\/\/pksj.opatovska.sk\/index.php?rest_route=\/wp\/v2\/pages\/57","targetHints":{"allow":["GET"]}}],"collection":[{"href":"https:\/\/pksj.opatovska.sk\/index.php?rest_route=\/wp\/v2\/pages"}],"about":[{"href":"https:\/\/pksj.opatovska.sk\/index.php?rest_route=\/wp\/v2\/types\/page"}],"author":[{"embeddable":true,"href":"https:\/\/pksj.opatovska.sk\/index.php?rest_route=\/wp\/v2\/users\/1"}],"replies":[{"embeddable":true,"href":"https:\/\/pksj.opatovska.sk\/index.php?rest_route=%2Fwp%2Fv2%2Fcomments&post=57"}],"version-history":[{"count":12,"href":"https:\/\/pksj.opatovska.sk\/index.php?rest_route=\/wp\/v2\/pages\/57\/revisions"}],"predecessor-version":[{"id":19438,"href":"https:\/\/pksj.opatovska.sk\/index.php?rest_route=\/wp\/v2\/pages\/57\/revisions\/19438"}],"wp:attachment":[{"href":"https:\/\/pksj.opatovska.sk\/index.php?rest_route=%2Fwp%2Fv2%2Fmedia&parent=57"}],"curies":[{"name":"wp","href":"https:\/\/api.w.org\/{rel}","templated":true}]}}