{"id":21,"date":"2015-10-09T09:21:49","date_gmt":"2015-10-09T07:21:49","guid":{"rendered":"http:\/\/pksjeu.opatovska.sk\/?page_id=21"},"modified":"2024-09-19T09:29:15","modified_gmt":"2024-09-19T07:29:15","slug":"o-nas","status":"publish","type":"page","link":"https:\/\/pksj.opatovska.sk\/?page_id=21","title":{"rendered":"O  n\u00e1s"},"content":{"rendered":"<p>Na\u0161a predmetov\u00e1 komisia venuje pozornos\u0165 estetiz\u00e1cii odborn\u00fdch u\u010debn\u00ed formou n\u00e1steniek, ktor\u00e9 pravidelne obmie\u0148ame.<\/p>\n<p>Tradi\u010dne organizujeme \u0161kolsk\u00e9 kolo najzn\u00e1mej\u0161ej recita\u010dnej s\u00fa\u0165a\u017ee na Slovensku Hviezdoslavov Kub\u00edn.<\/p>\n<p>Pre 1. ro\u010dn\u00edk organizujeme liter\u00e1rnu exkurziu do Ke\u017emarku.<\/p>\n<p>Spolupracujeme s LitParkom.<\/p>\n<p>Vyd\u00e1vame \u0161kolsk\u00fd \u010dasopis.<\/p>\n<p>Ka\u017edoro\u010dne organiza\u010dne zabezpe\u010dujeme n\u00e1v\u0161tevu \u0160t\u00e1tneho divadla v\u00a0Ko\u0161iciach v\u00a0dopolud\u0148aj\u0161\u00edch hodin\u00e1ch, ale priebe\u017ene chod\u00edme do divadla so z\u00e1ujemcami aj vo ve\u010dern\u00fdch hodin\u00e1ch.<\/p>\n<p>Ka\u017edoro\u010dne organizujeme \u0161kolsk\u00e9 kolo olympi\u00e1dy zo slovensk\u00e9ho jazyka a\u00a0literat\u00fary.<\/p>\n<p>Zap\u00e1jame \u0161tudentov do rozli\u010dn\u00fdch liter\u00e1rnych a\u00a0recita\u010dn\u00fdch s\u00fa\u0165a\u017e\u00ed.<\/p>\n<p>Nav\u0161tevujeme mesto s\u00a0cie\u013eom prep\u00e1ja\u0165 te\u00f3riu s\u00a0praxou, \u00a0hlavne v\u00a0r\u00e1mci predmetu umenie a\u00a0kult\u00fara.<\/p>\n<p>Zap\u00e1jame\u00a0 sa do s\u00fa\u0165a\u017ee Vr\u00e1\u0165me knihy do \u0161k\u00f4l.<\/p>\n<p>Organiza\u010dne zabezpe\u010dujeme rozl\u00fa\u010dku so \u0161tvrt\u00e1kmi.<\/p>\n<p>Pripravujeme program ku D\u0148u Eur\u00f3py.<\/p>\n<p>\u00a0<\/p>\n\n\n<div class=\"wp-block-cover\"><span aria-hidden=\"true\" class=\"wp-block-cover__background has-background-dim\"><\/span><img loading=\"lazy\" decoding=\"async\" width=\"960\" height=\"720\" class=\"wp-block-cover__image-background wp-image-149\" src=\"http:\/\/pksjeu.opatovska.sk\/wp-content\/uploads\/2019\/10\/book-2135811_960_720-2.jpg\" data-object-fit=\"cover\" srcset=\"https:\/\/pksj.opatovska.sk\/wp-content\/uploads\/2019\/10\/book-2135811_960_720-2.jpg 960w, https:\/\/pksj.opatovska.sk\/wp-content\/uploads\/2019\/10\/book-2135811_960_720-2-300x225.jpg 300w, https:\/\/pksj.opatovska.sk\/wp-content\/uploads\/2019\/10\/book-2135811_960_720-2-768x576.jpg 768w, https:\/\/pksj.opatovska.sk\/wp-content\/uploads\/2019\/10\/book-2135811_960_720-2-618x464.jpg 618w, https:\/\/pksj.opatovska.sk\/wp-content\/uploads\/2019\/10\/book-2135811_960_720-2-138x104.jpg 138w, https:\/\/pksj.opatovska.sk\/wp-content\/uploads\/2019\/10\/book-2135811_960_720-2-444x333.jpg 444w\" sizes=\"auto, (max-width: 960px) 100vw, 960px\" \/><div class=\"wp-block-cover__inner-container is-layout-flow wp-block-cover-is-layout-flow\">\n<p class=\"has-text-align-center has-large-font-size\">\u201eAk \u010d\u00edtate len knihy, ktor\u00e9 \u010d\u00edtaj\u00fa v\u0161etci ostatn\u00ed, dok\u00e1\u017eete myslie\u0165 len tak, ako myslia v\u0161etci ostatn\u00ed.\u201c<br>(Haruki Murakami)<\/p>\n<\/div><\/div>\n","protected":false},"excerpt":{"rendered":"<p>Na\u0161a predmetov\u00e1 komisia venuje pozornos\u0165 estetiz\u00e1cii odborn\u00fdch u\u010debn\u00ed formou n\u00e1steniek, ktor\u00e9 pravidelne obmie\u0148ame. Tradi\u010dne organizujeme \u0161kolsk\u00e9 kolo najzn\u00e1mej\u0161ej recita\u010dnej s\u00fa\u0165a\u017ee na Slovensku Hviezdoslavov Kub\u00edn. Pre 1. ro\u010dn\u00edk organizujeme liter\u00e1rnu exkurziu do Ke\u017emarku. Spolupracujeme s LitParkom. Vyd\u00e1vame \u0161kolsk\u00fd \u010dasopis. Ka\u017edoro\u010dne organiza\u010dne zabezpe\u010dujeme n\u00e1v\u0161tevu \u0160t\u00e1tneho divadla v\u00a0Ko\u0161iciach v\u00a0dopolud\u0148aj\u0161\u00edch hodin\u00e1ch, ale priebe\u017ene chod\u00edme do divadla so z\u00e1ujemcami aj [&hellip;]<\/p>\n","protected":false},"author":1,"featured_media":0,"parent":0,"menu_order":0,"comment_status":"closed","ping_status":"open","template":"","meta":{"footnotes":""},"class_list":["post-21","page","type-page","status-publish","hentry"],"_links":{"self":[{"href":"https:\/\/pksj.opatovska.sk\/index.php?rest_route=\/wp\/v2\/pages\/21","targetHints":{"allow":["GET"]}}],"collection":[{"href":"https:\/\/pksj.opatovska.sk\/index.php?rest_route=\/wp\/v2\/pages"}],"about":[{"href":"https:\/\/pksj.opatovska.sk\/index.php?rest_route=\/wp\/v2\/types\/page"}],"author":[{"embeddable":true,"href":"https:\/\/pksj.opatovska.sk\/index.php?rest_route=\/wp\/v2\/users\/1"}],"replies":[{"embeddable":true,"href":"https:\/\/pksj.opatovska.sk\/index.php?rest_route=%2Fwp%2Fv2%2Fcomments&post=21"}],"version-history":[{"count":5,"href":"https:\/\/pksj.opatovska.sk\/index.php?rest_route=\/wp\/v2\/pages\/21\/revisions"}],"predecessor-version":[{"id":7578,"href":"https:\/\/pksj.opatovska.sk\/index.php?rest_route=\/wp\/v2\/pages\/21\/revisions\/7578"}],"wp:attachment":[{"href":"https:\/\/pksj.opatovska.sk\/index.php?rest_route=%2Fwp%2Fv2%2Fmedia&parent=21"}],"curies":[{"name":"wp","href":"https:\/\/api.w.org\/{rel}","templated":true}]}}