{"id":171,"date":"2019-10-26T18:44:32","date_gmt":"2019-10-26T16:44:32","guid":{"rendered":"http:\/\/pksjeu.opatovska.sk\/?page_id=171"},"modified":"2019-10-26T19:16:34","modified_gmt":"2019-10-26T17:16:34","slug":"uzitocne-a-zaujimave-odkazy","status":"publish","type":"page","link":"https:\/\/pksj.opatovska.sk\/?page_id=171","title":{"rendered":"U\u017eito\u010dn\u00e9 a zauj\u00edmav\u00e9 odkazy"},"content":{"rendered":"<p>Elektronick\u00e9 slovn\u00edky:\u00a0\u00a0<a href=\"https:\/\/slovnik.juls.savba.sk\/\">https:\/\/slovnik.juls.savba.sk\/<\/a><\/p>\n<p>Autori a \u0161tandardizovan\u00e9 diela:<\/p>\n<p><a href=\"http:\/\/www.statpedu.sk\/files\/sk\/svp\/inovovany-statny-vzdelavaci-program\/inovovany-svp-gymnazia-so-stvorrocnym-patrocnym-vzdelavacim-programom\/jazyk-komunikacia\/slovensky_jazyk_a_literatura_g_4_5_r_novy.pdf\">http:\/\/www.statpedu.sk\/files\/sk\/svp\/inovovany-statny-vzdelavaci-program\/inovovany-svp-gymnazia-so-stvorrocnym-patrocnym-vzdelavacim-programom\/jazyk-komunikacia\/slovensky_jazyk_a_literatura_g_4_5_r_novy.pdf<\/a><\/p>\n<p>Ba\u0161trng:\u00a0<a href=\"https:\/\/www.youtube.com\/watch?v=lWnMC-XdU5E&amp;list=PLZSarXd25nWcohcVMqlfP_RUeZBCf2EPQ\">https:\/\/www.youtube.com\/watch?v=lWnMC-XdU5E&amp;list=PLZSarXd25nWcohcVMqlfP_RUeZBCf2EPQ<\/a><\/p>\n<p>Zlat\u00fd fond denn\u00edka SME:\u00a0<a href=\"https:\/\/zlatyfond.sme.sk\/\">https:\/\/zlatyfond.sme.sk\/<\/a><\/p>\n<p>LitPark:\u00a0<a href=\"https:\/\/www.kosicekmk.sk\/index.php\/litpark-kukucinova-3\">https:\/\/www.kosicekmk.sk\/index.php\/litpark-kukucinova-3<\/a><\/p>\n<p>Revue svetovej literat\u00fary:\u00a0<a href=\"http:\/\/www.rsl.sk\/\">http:\/\/www.rsl.sk\/<\/a><\/p>\n<p>R\u00e1dio Litera:\u00a0<a href=\"https:\/\/litera.rtvs.sk\/\">https:\/\/litera.rtvs.sk\/<\/a><\/p>\n","protected":false},"excerpt":{"rendered":"<p>Elektronick\u00e9 slovn\u00edky:\u00a0\u00a0https:\/\/slovnik.juls.savba.sk\/ Autori a \u0161tandardizovan\u00e9 diela: http:\/\/www.statpedu.sk\/files\/sk\/svp\/inovovany-statny-vzdelavaci-program\/inovovany-svp-gymnazia-so-stvorrocnym-patrocnym-vzdelavacim-programom\/jazyk-komunikacia\/slovensky_jazyk_a_literatura_g_4_5_r_novy.pdf Ba\u0161trng:\u00a0https:\/\/www.youtube.com\/watch?v=lWnMC-XdU5E&amp;list=PLZSarXd25nWcohcVMqlfP_RUeZBCf2EPQ Zlat\u00fd fond denn\u00edka SME:\u00a0https:\/\/zlatyfond.sme.sk\/ LitPark:\u00a0https:\/\/www.kosicekmk.sk\/index.php\/litpark-kukucinova-3 Revue svetovej literat\u00fary:\u00a0http:\/\/www.rsl.sk\/ R\u00e1dio Litera:\u00a0https:\/\/litera.rtvs.sk\/<\/p>\n","protected":false},"author":2,"featured_media":0,"parent":0,"menu_order":0,"comment_status":"closed","ping_status":"closed","template":"","meta":{"footnotes":""},"class_list":["post-171","page","type-page","status-publish","hentry"],"_links":{"self":[{"href":"https:\/\/pksj.opatovska.sk\/index.php?rest_route=\/wp\/v2\/pages\/171","targetHints":{"allow":["GET"]}}],"collection":[{"href":"https:\/\/pksj.opatovska.sk\/index.php?rest_route=\/wp\/v2\/pages"}],"about":[{"href":"https:\/\/pksj.opatovska.sk\/index.php?rest_route=\/wp\/v2\/types\/page"}],"author":[{"embeddable":true,"href":"https:\/\/pksj.opatovska.sk\/index.php?rest_route=\/wp\/v2\/users\/2"}],"replies":[{"embeddable":true,"href":"https:\/\/pksj.opatovska.sk\/index.php?rest_route=%2Fwp%2Fv2%2Fcomments&post=171"}],"version-history":[{"count":7,"href":"https:\/\/pksj.opatovska.sk\/index.php?rest_route=\/wp\/v2\/pages\/171\/revisions"}],"predecessor-version":[{"id":183,"href":"https:\/\/pksj.opatovska.sk\/index.php?rest_route=\/wp\/v2\/pages\/171\/revisions\/183"}],"wp:attachment":[{"href":"https:\/\/pksj.opatovska.sk\/index.php?rest_route=%2Fwp%2Fv2%2Fmedia&parent=171"}],"curies":[{"name":"wp","href":"https:\/\/api.w.org\/{rel}","templated":true}]}}