{"id":16,"date":"2017-09-10T12:42:25","date_gmt":"2017-09-10T10:42:25","guid":{"rendered":"http:\/\/pksjeu.opatovska.sk\/?page_id=16"},"modified":"2025-10-29T11:45:16","modified_gmt":"2025-10-29T09:45:16","slug":"clenovia","status":"publish","type":"page","link":"https:\/\/pksj.opatovska.sk\/?page_id=16","title":{"rendered":"\u010clenovia"},"content":{"rendered":"<p><strong>Ved\u00faca PK:<\/strong><br \/>Mgr. Lenka \u0160migallov\u00e1, SJL<\/p>\n<p><strong>Ostatn\u00ed \u010dlenovia PK:<\/strong><\/p>\n<p>RNDr. Agnesa Feh\u00e9rov\u00e1, ETV<\/p>\n<p>Mgr. Zdenka Geregov\u00e1, HUV<\/p>\n<p>PhDr. Monika Hub\u00e1\u010dekov\u00e1, UKL<\/p>\n<p>PhDr. Zuzana Istv\u00e1nov\u00e1, SJL<\/p>\n<p>Mgr. Adriana Ivankov\u00e1, SJL<\/p>\n<p>Mgr. D\u00e1\u0161a Juhanov\u00e1, SJL<\/p>\n<p>Mgr. Vikt\u00f3ria Melikantov\u00e1, ETV<\/p>\n<p>Mgr. Jana Sidorov\u00e1, VYV<\/p>\n<p>&nbsp;<\/p>\n<p>&nbsp;<\/p>\n<p>&nbsp;<\/p>\n\n\n<figure class=\"wp-block-image size-full\"><a href=\"https:\/\/pksj.opatovska.sk\/wp-content\/uploads\/2025\/10\/stur.jpg\"><img loading=\"lazy\" decoding=\"async\" width=\"780\" height=\"527\" src=\"https:\/\/pksj.opatovska.sk\/wp-content\/uploads\/2025\/10\/stur.jpg\" alt=\"\" class=\"wp-image-19428\" srcset=\"https:\/\/pksj.opatovska.sk\/wp-content\/uploads\/2025\/10\/stur.jpg 780w, https:\/\/pksj.opatovska.sk\/wp-content\/uploads\/2025\/10\/stur-300x203.jpg 300w, https:\/\/pksj.opatovska.sk\/wp-content\/uploads\/2025\/10\/stur-768x519.jpg 768w, https:\/\/pksj.opatovska.sk\/wp-content\/uploads\/2025\/10\/stur-618x418.jpg 618w, https:\/\/pksj.opatovska.sk\/wp-content\/uploads\/2025\/10\/stur-444x300.jpg 444w\" sizes=\"auto, (max-width: 780px) 100vw, 780px\" \/><\/a><\/figure>\n","protected":false},"excerpt":{"rendered":"<p>Ved\u00faca PK:Mgr. Lenka \u0160migallov\u00e1, SJL Ostatn\u00ed \u010dlenovia PK: RNDr. Agnesa Feh\u00e9rov\u00e1, ETV Mgr. Zdenka Geregov\u00e1, HUV PhDr. Monika Hub\u00e1\u010dekov\u00e1, UKL PhDr. Zuzana Istv\u00e1nov\u00e1, SJL Mgr. Adriana Ivankov\u00e1, SJL Mgr. D\u00e1\u0161a Juhanov\u00e1, SJL Mgr. Vikt\u00f3ria Melikantov\u00e1, ETV Mgr. Jana Sidorov\u00e1, VYV &nbsp; &nbsp; &nbsp;<\/p>\n","protected":false},"author":1,"featured_media":0,"parent":0,"menu_order":0,"comment_status":"closed","ping_status":"open","template":"","meta":{"footnotes":""},"class_list":["post-16","page","type-page","status-publish","hentry"],"_links":{"self":[{"href":"https:\/\/pksj.opatovska.sk\/index.php?rest_route=\/wp\/v2\/pages\/16","targetHints":{"allow":["GET"]}}],"collection":[{"href":"https:\/\/pksj.opatovska.sk\/index.php?rest_route=\/wp\/v2\/pages"}],"about":[{"href":"https:\/\/pksj.opatovska.sk\/index.php?rest_route=\/wp\/v2\/types\/page"}],"author":[{"embeddable":true,"href":"https:\/\/pksj.opatovska.sk\/index.php?rest_route=\/wp\/v2\/users\/1"}],"replies":[{"embeddable":true,"href":"https:\/\/pksj.opatovska.sk\/index.php?rest_route=%2Fwp%2Fv2%2Fcomments&post=16"}],"version-history":[{"count":24,"href":"https:\/\/pksj.opatovska.sk\/index.php?rest_route=\/wp\/v2\/pages\/16\/revisions"}],"predecessor-version":[{"id":19429,"href":"https:\/\/pksj.opatovska.sk\/index.php?rest_route=\/wp\/v2\/pages\/16\/revisions\/19429"}],"wp:attachment":[{"href":"https:\/\/pksj.opatovska.sk\/index.php?rest_route=%2Fwp%2Fv2%2Fmedia&parent=16"}],"curies":[{"name":"wp","href":"https:\/\/api.w.org\/{rel}","templated":true}]}}