{"id":134,"date":"2019-10-26T16:52:44","date_gmt":"2019-10-26T14:52:44","guid":{"rendered":"http:\/\/pksjeu.opatovska.sk\/?page_id=134"},"modified":"2025-10-29T11:00:28","modified_gmt":"2025-10-29T09:00:28","slug":"pripravujeme","status":"publish","type":"page","link":"https:\/\/pksj.opatovska.sk\/?page_id=134","title":{"rendered":"Pripravujeme"},"content":{"rendered":"\n<p>V \u0161kolskom roku 2025\/2026 pripravujeme nasleduj\u00face akcie:<br><br><br>S\u00fa\u0165a\u017e <strong>Najlep\u0161\u00ed sloven\u010din\u00e1r<\/strong> pre 1. OA <br><br><strong>Olympi\u00e1da\u00a0<\/strong>zo\u00a0slovensk\u00e9ho\u00a0jazyka\u00a0a\u00a0literat\u00fary\u00a0&#8211;\u00a0\u0161kolsk\u00e9\u00a0kolo<\/p>\n\n\n\n<p><strong>H\u013ead\u00e1me liter\u00e1rne talenty<\/strong><br><br>N\u00e1v\u0161tevy <strong>Litparku<\/strong><br><br><strong>\u0160aliansky Ma\u0165ko<\/strong> &#8211; \u0161kolsk\u00e9 kolo &#8211; 1. OA a 2. OA<\/p>\n\n\n\n<p><strong>Hviezdoslavov Kub\u00edn<\/strong> &#8211; \u0161kolsk\u00e9 kolo<br><br><strong>\u010c\u00edta cel\u00e1 \u0161kola<\/strong><\/p>\n\n\n\n<p><strong>N\u00e1v\u0161teva divadla<\/strong> (NDKE) pod\u013ea ponuky a podmienok<br><br><\/p>\n","protected":false},"excerpt":{"rendered":"<p>V \u0161kolskom roku 2025\/2026 pripravujeme nasleduj\u00face akcie: S\u00fa\u0165a\u017e Najlep\u0161\u00ed sloven\u010din\u00e1r pre 1. OA Olympi\u00e1da\u00a0zo\u00a0slovensk\u00e9ho\u00a0jazyka\u00a0a\u00a0literat\u00fary\u00a0&#8211;\u00a0\u0161kolsk\u00e9\u00a0kolo H\u013ead\u00e1me liter\u00e1rne talenty N\u00e1v\u0161tevy Litparku \u0160aliansky Ma\u0165ko &#8211; \u0161kolsk\u00e9 kolo &#8211; 1. OA a 2. OA Hviezdoslavov Kub\u00edn &#8211; \u0161kolsk\u00e9 kolo \u010c\u00edta cel\u00e1 \u0161kola N\u00e1v\u0161teva divadla (NDKE) pod\u013ea ponuky a podmienok<\/p>\n","protected":false},"author":2,"featured_media":0,"parent":0,"menu_order":0,"comment_status":"closed","ping_status":"open","template":"","meta":{"footnotes":""},"class_list":["post-134","page","type-page","status-publish","hentry"],"_links":{"self":[{"href":"https:\/\/pksj.opatovska.sk\/index.php?rest_route=\/wp\/v2\/pages\/134","targetHints":{"allow":["GET"]}}],"collection":[{"href":"https:\/\/pksj.opatovska.sk\/index.php?rest_route=\/wp\/v2\/pages"}],"about":[{"href":"https:\/\/pksj.opatovska.sk\/index.php?rest_route=\/wp\/v2\/types\/page"}],"author":[{"embeddable":true,"href":"https:\/\/pksj.opatovska.sk\/index.php?rest_route=\/wp\/v2\/users\/2"}],"replies":[{"embeddable":true,"href":"https:\/\/pksj.opatovska.sk\/index.php?rest_route=%2Fwp%2Fv2%2Fcomments&post=134"}],"version-history":[{"count":11,"href":"https:\/\/pksj.opatovska.sk\/index.php?rest_route=\/wp\/v2\/pages\/134\/revisions"}],"predecessor-version":[{"id":19405,"href":"https:\/\/pksj.opatovska.sk\/index.php?rest_route=\/wp\/v2\/pages\/134\/revisions\/19405"}],"wp:attachment":[{"href":"https:\/\/pksj.opatovska.sk\/index.php?rest_route=%2Fwp%2Fv2%2Fmedia&parent=134"}],"curies":[{"name":"wp","href":"https:\/\/api.w.org\/{rel}","templated":true}]}}